{"id":2,"date":"2011-10-13T09:06:42","date_gmt":"2011-10-13T09:06:42","guid":{"rendered":"http:\/\/tt-lernmobil.de\/uepfi\/?page_id=2"},"modified":"2025-08-31T13:55:24","modified_gmt":"2025-08-31T13:55:24","slug":"start","status":"publish","type":"page","link":"http:\/\/tt-lernmobil.de\/uepfi\/","title":{"rendered":"Start"},"content":{"rendered":"\n<figure class=\"wp-block-image alignleft size-large is-resized\"><img loading=\"lazy\" decoding=\"async\" width=\"591\" height=\"394\" src=\"http:\/\/tt-lernmobil.de\/uepfi\/files\/2020\/01\/WordPress_riot.jpg\" alt=\"\" class=\"wp-image-6349\" style=\"width:148px;height:99px\" srcset=\"http:\/\/tt-lernmobil.de\/uepfi\/files\/2020\/01\/WordPress_riot.jpg 591w, http:\/\/tt-lernmobil.de\/uepfi\/files\/2020\/01\/WordPress_riot-300x200.jpg 300w\" sizes=\"auto, (max-width: 591px) 100vw, 591px\" \/><\/figure>\n\n\n<p>In diesem 2,5st\u00fcndigen<b>\u00a0<\/b>Workshop stellen wir Ihnen vor, wie Sie eine Website oder ein Blog mit WordPress einrichten k\u00f6nnen.<\/p>\n<h2>Die Vorteile eines Content-Management-Systems<\/h2>\n<p>Dar\u00fcber hinaus f\u00fchren wir Sie in das Content-Management-System (CMS) von WordPress ein.<\/p>\n<p>Wir zeigen Ihnen wie Sie:<\/p>\n<ul>\n<li>Ihr Theme konfektionieren<\/li>\n<li>Ihre Men\u00fcstruktur aufbauen<\/li>\n<li>Texte und Bilder einpflegen<\/li>\n<li>Links setzen<\/li>\n<li>PDFs einbinden k\u00f6nnen.<\/li>\n<\/ul>","protected":false},"excerpt":{"rendered":"<p>In diesem 2,5st\u00fcndigen\u00a0Workshop stellen wir Ihnen vor, wie Sie eine Website oder ein Blog mit WordPress einrichten k\u00f6nnen. Die Vorteile eines Content-Management-Systems Dar\u00fcber hinaus f\u00fchren wir Sie in das Content-Management-System (CMS) von WordPress ein. Wir zeigen Ihnen wie Sie: Ihr<\/p>\n","protected":false},"author":1,"featured_media":0,"parent":0,"menu_order":0,"comment_status":"closed","ping_status":"closed","template":"","meta":{"footnotes":""},"class_list":["post-2","page","type-page","status-publish","hentry"],"_links":{"self":[{"href":"http:\/\/tt-lernmobil.de\/uepfi\/wp-json\/wp\/v2\/pages\/2","targetHints":{"allow":["GET"]}}],"collection":[{"href":"http:\/\/tt-lernmobil.de\/uepfi\/wp-json\/wp\/v2\/pages"}],"about":[{"href":"http:\/\/tt-lernmobil.de\/uepfi\/wp-json\/wp\/v2\/types\/page"}],"author":[{"embeddable":true,"href":"http:\/\/tt-lernmobil.de\/uepfi\/wp-json\/wp\/v2\/users\/1"}],"replies":[{"embeddable":true,"href":"http:\/\/tt-lernmobil.de\/uepfi\/wp-json\/wp\/v2\/comments?post=2"}],"version-history":[{"count":36,"href":"http:\/\/tt-lernmobil.de\/uepfi\/wp-json\/wp\/v2\/pages\/2\/revisions"}],"predecessor-version":[{"id":7668,"href":"http:\/\/tt-lernmobil.de\/uepfi\/wp-json\/wp\/v2\/pages\/2\/revisions\/7668"}],"wp:attachment":[{"href":"http:\/\/tt-lernmobil.de\/uepfi\/wp-json\/wp\/v2\/media?parent=2"}],"curies":[{"name":"wp","href":"https:\/\/api.w.org\/{rel}","templated":true}]}}